{"id":510,"date":"2016-03-04T03:32:38","date_gmt":"2016-03-04T03:32:38","guid":{"rendered":"https:\/\/gaviaspreview.com\/wp\/winnex\/?page_id=510"},"modified":"2016-03-04T03:32:38","modified_gmt":"2016-03-04T03:32:38","slug":"blogs-style-2","status":"publish","type":"page","link":"https:\/\/finergy.eu\/en\/blogs-style-2\/","title":{"rendered":"Blogs Style 2"},"content":{"rendered":"<div class=\"wpb-content-wrapper\"><div class=\"vc_wpb_row_inner\"><div class=\"vc_row wpb_row vc_row-fluid remove_padding row-fullwidth\"><div class=\"wpb_column vc_column_container vc_col-sm-12\"><div class=\"vc_column-inner\"><div class=\"wpb_wrapper\">\r\n<section class=\"widget gva-grid-posts blog-grid-style section-blog\">\r\n    \r\n    <div class=\"widget-content\">\r\n                  <div class=\"posts-grids post-items row post-masonry-style\">\r\n                             <div class=\"item-masory col-md-6 col-sm-12 col-xs-12\">\r\n                  <article id=\"post-4480\" class=\"post-4480 post type-post status-publish format-standard has-post-thumbnail hentry category-italian-news\">\n\t<div class=\"post-thumbnail\">\n\t\t<img loading=\"lazy\" decoding=\"async\" width=\"600\" height=\"320\" src=\"https:\/\/finergy.eu\/wp-content\/uploads\/2023\/10\/biogas-2919235_1920-600x320.jpg\" class=\"attachment-post-thumbnail size-post-thumbnail wp-post-image\" alt=\"Finergy con Zefyro nella cessione di Officine Bioenergetiche a Gruppo Societ\u00e0 Gas Rimini\" \/>\t<\/div>\t\n\n\t<div class=\"entry-content\">\n\t\t<div class=\"content-inner\">\n\t\t\t\t\n\t\t\t\t\t\t\t<div class=\"content-top entry-meta\">\n\t           \t            \t<span class=\"cat-links\"><a href=\"https:\/\/finergy.eu\/en\/category\/italian-news\/\" rel=\"category tag\">News-it<\/a><\/span>&nbsp;&nbsp;|&nbsp;&nbsp;\n\t            \t<span class=\"entry-date\"><a href=\"https:\/\/finergy.eu\/en\/finergy-con-zefyro-nella-cessione-di-officine-bioenergetiche-a-gruppo-societa-gas-rimini\/\" rel=\"bookmark\"><time class=\"entry-date\" datetime=\"2023-10-18T15:14:31+00:00\">October 18, 2023<\/time><\/a><\/span>\t           \t         <\/div> \n\t         <h2 class=\"entry-title\"><a href=\"https:\/\/finergy.eu\/en\/finergy-con-zefyro-nella-cessione-di-officine-bioenergetiche-a-gruppo-societa-gas-rimini\/\" rel=\"bookmark\">Finergy with Zefyro in the sale of Officine Bioenergetiche to Gruppo\nSociet\u00e0 Gas Rimini<\/a><\/h2>\n\t      \t\n\n\t\t\tIl team di Finergy, guidato Stefano Indigenti, ha assistito come advisor finanziario Zefyro nella cessione del 100% delle quote della societ\u00e0 Officine Bioenergetiche, proprietaria di 3 impianti biogas di 1<div class=\"read-more hidden\"><a class=\"btn-line\" href=\"https:\/\/finergy.eu\/en\/finergy-con-zefyro-nella-cessione-di-officine-bioenergetiche-a-gruppo-societa-gas-rimini\/\">Continua <\/a><\/div>\t\t<\/div>\n\t\t\t<\/div><!-- .entry-content -->\t\n\n\t\n<\/article><!-- #post-## -->\n                <\/div>\r\n\r\n                             <div class=\"item-masory col-md-6 col-sm-12 col-xs-12\">\r\n                  <article id=\"post-4477\" class=\"post-4477 post type-post status-publish format-standard has-post-thumbnail hentry category-italian-news\">\n\t<div class=\"post-thumbnail\">\n\t\t<img loading=\"lazy\" decoding=\"async\" width=\"520\" height=\"440\" src=\"https:\/\/finergy.eu\/wp-content\/uploads\/2023\/10\/3novembre2022-520x440.png\" class=\"attachment-post-thumbnail size-post-thumbnail wp-post-image\" alt=\"Finergy: un ponte fra investitori e le sfide della transizione energetica\" \/>\t<\/div>\t\n\n\t<div class=\"entry-content\">\n\t\t<div class=\"content-inner\">\n\t\t\t\t\n\t\t\t\t\t\t\t<div class=\"content-top entry-meta\">\n\t           \t            \t<span class=\"cat-links\"><a href=\"https:\/\/finergy.eu\/en\/category\/italian-news\/\" rel=\"category tag\">News-it<\/a><\/span>&nbsp;&nbsp;|&nbsp;&nbsp;\n\t            \t<span class=\"entry-date\"><a href=\"https:\/\/finergy.eu\/en\/finergy-un-ponte-fra-investitori-e-le-sfide-della-transizione-energetica\/\" rel=\"bookmark\"><time class=\"entry-date\" datetime=\"2023-10-18T15:07:41+00:00\">October 18, 2023<\/time><\/a><\/span>\t           \t         <\/div> \n\t         <h2 class=\"entry-title\"><a href=\"https:\/\/finergy.eu\/en\/finergy-un-ponte-fra-investitori-e-le-sfide-della-transizione-energetica\/\" rel=\"bookmark\">Finergy: un ponte fra investitori e le sfide della transizione energetica<\/a><\/h2>\n\t      \t\n\n\t\t\tSoluzioni mirate per aiutare le imprese e gli investitori a trovare le risorse necessarie per realizzare una transizione energetica efficace. Per Finergy, societ\u00e0 milanese di consulenza specializzata nel settore energia,<div class=\"read-more hidden\"><a class=\"btn-line\" href=\"https:\/\/finergy.eu\/en\/finergy-un-ponte-fra-investitori-e-le-sfide-della-transizione-energetica\/\">Continua <\/a><\/div>\t\t<\/div>\n\t\t\t<\/div><!-- .entry-content -->\t\n\n\t\n<\/article><!-- #post-## -->\n                <\/div>\r\n\r\n                             <div class=\"item-masory col-md-6 col-sm-12 col-xs-12\">\r\n                  <article id=\"post-4472\" class=\"post-4472 post type-post status-publish format-standard has-post-thumbnail hentry category-italian-news\">\n\t<div class=\"post-thumbnail\">\n\t\t<img loading=\"lazy\" decoding=\"async\" width=\"557\" height=\"440\" src=\"https:\/\/finergy.eu\/wp-content\/uploads\/2023\/10\/15luglio2022-557x440.png\" class=\"attachment-post-thumbnail size-post-thumbnail wp-post-image\" alt=\"Finergy, al servizio di un futuro &#8220;green&#8221;\" \/>\t<\/div>\t\n\n\t<div class=\"entry-content\">\n\t\t<div class=\"content-inner\">\n\t\t\t\t\n\t\t\t\t\t\t\t<div class=\"content-top entry-meta\">\n\t           \t            \t<span class=\"cat-links\"><a href=\"https:\/\/finergy.eu\/en\/category\/italian-news\/\" rel=\"category tag\">News-it<\/a><\/span>&nbsp;&nbsp;|&nbsp;&nbsp;\n\t            \t<span class=\"entry-date\"><a href=\"https:\/\/finergy.eu\/en\/finergy-al-servizio-di-un-futuro-green\/\" rel=\"bookmark\"><time class=\"entry-date\" datetime=\"2023-10-18T15:02:26+00:00\">October 18, 2023<\/time><\/a><\/span>\t           \t         <\/div> \n\t         <h2 class=\"entry-title\"><a href=\"https:\/\/finergy.eu\/en\/finergy-al-servizio-di-un-futuro-green\/\" rel=\"bookmark\">Finergy, al servizio di un futuro &#8220;green&#8221;<\/a><\/h2>\n\t      \t\n\n\t\t\tLa transizione ecologica e il raggiungimento dell&#8217;indipendenza energetica significano che il modo in cul produciamo, consumiamo e conserviamo energia non potr\u00e0 pi\u00f9 essere lo stesso. Ne \u00e8 convinta anche Finergy.<div class=\"read-more hidden\"><a class=\"btn-line\" href=\"https:\/\/finergy.eu\/en\/finergy-al-servizio-di-un-futuro-green\/\">Continua <\/a><\/div>\t\t<\/div>\n\t\t\t<\/div><!-- .entry-content -->\t\n\n\t\n<\/article><!-- #post-## -->\n                <\/div>\r\n\r\n                       <\/div>\r\n           \r\n    \r\n          <div class=\"pagination\">\r\n              <\/div>\r\n      \r\n    <\/div>\r\n<\/section>\r\n<\/div><\/div><\/div><\/div><\/div>\n<\/div>","protected":false},"excerpt":{"rendered":"La transizione ecologica e il raggiungimento dell'indipendenza energetica significano che il modo in cul produciamo, consumiamo e conserviamo energia non potr\u00e0 pi\u00f9 essere lo stesso. Ne \u00e8 convinta anche Finergy. societ\u00e0 di consulenza finanziaria specializzata nel settore energia che con le proprie soluzioni finanziarie supporta i clienti nella realizzazione di un futuro a basse emissioni, [...]","protected":false},"author":1,"featured_media":0,"parent":0,"menu_order":0,"comment_status":"closed","ping_status":"closed","template":"","meta":{"footnotes":""},"class_list":["post-510","page","type-page","status-publish","hentry"],"_links":{"self":[{"href":"https:\/\/finergy.eu\/en\/wp-json\/wp\/v2\/pages\/510","targetHints":{"allow":["GET"]}}],"collection":[{"href":"https:\/\/finergy.eu\/en\/wp-json\/wp\/v2\/pages"}],"about":[{"href":"https:\/\/finergy.eu\/en\/wp-json\/wp\/v2\/types\/page"}],"author":[{"embeddable":true,"href":"https:\/\/finergy.eu\/en\/wp-json\/wp\/v2\/users\/1"}],"replies":[{"embeddable":true,"href":"https:\/\/finergy.eu\/en\/wp-json\/wp\/v2\/comments?post=510"}],"version-history":[{"count":0,"href":"https:\/\/finergy.eu\/en\/wp-json\/wp\/v2\/pages\/510\/revisions"}],"wp:attachment":[{"href":"https:\/\/finergy.eu\/en\/wp-json\/wp\/v2\/media?parent=510"}],"curies":[{"name":"wp","href":"https:\/\/api.w.org\/{rel}","templated":true}]}}